{"id":1728,"date":"2025-09-15T10:56:36","date_gmt":"2025-09-15T15:56:36","guid":{"rendered":"https:\/\/centrodeestudiosdyp.edu.co\/wp\/?page_id=1728"},"modified":"2026-03-12T16:07:07","modified_gmt":"2026-03-12T21:07:07","slug":"curso-de-teatro","status":"publish","type":"page","link":"https:\/\/centrodeestudiosdyp.edu.co\/wp\/?page_id=1728","title":{"rendered":"Curso de Teatro"},"content":{"rendered":"\t\t<div data-elementor-type=\"wp-page\" data-elementor-id=\"1728\" class=\"elementor elementor-1728\" data-elementor-post-type=\"page\">\n\t\t\t\t<div class=\"elementor-element elementor-element-3ff86f9 e-flex e-con-boxed e-con e-parent\" data-id=\"3ff86f9\" data-element_type=\"container\" data-settings=\"{&quot;content_width&quot;:&quot;boxed&quot;}\" data-core-v316-plus=\"true\">\n\t\t\t\t\t<div class=\"e-con-inner\">\n\t\t\t\t<div class=\"elementor-element elementor-element-f67e7ec elementor-widget elementor-widget-spacer\" data-id=\"f67e7ec\" data-element_type=\"widget\" data-widget_type=\"spacer.default\">\n\t\t\t\t<div class=\"elementor-widget-container\">\n\t\t\t<style>\/*! elementor - v3.19.0 - 28-02-2024 *\/\n.elementor-column .elementor-spacer-inner{height:var(--spacer-size)}.e-con{--container-widget-width:100%}.e-con-inner>.elementor-widget-spacer,.e-con>.elementor-widget-spacer{width:var(--container-widget-width,var(--spacer-size));--align-self:var(--container-widget-align-self,initial);--flex-shrink:0}.e-con-inner>.elementor-widget-spacer>.elementor-widget-container,.e-con>.elementor-widget-spacer>.elementor-widget-container{height:100%;width:100%}.e-con-inner>.elementor-widget-spacer>.elementor-widget-container>.elementor-spacer,.e-con>.elementor-widget-spacer>.elementor-widget-container>.elementor-spacer{height:100%}.e-con-inner>.elementor-widget-spacer>.elementor-widget-container>.elementor-spacer>.elementor-spacer-inner,.e-con>.elementor-widget-spacer>.elementor-widget-container>.elementor-spacer>.elementor-spacer-inner{height:var(--container-widget-height,var(--spacer-size))}.e-con-inner>.elementor-widget-spacer.elementor-widget-empty,.e-con>.elementor-widget-spacer.elementor-widget-empty{position:relative;min-height:22px;min-width:22px}.e-con-inner>.elementor-widget-spacer.elementor-widget-empty .elementor-widget-empty-icon,.e-con>.elementor-widget-spacer.elementor-widget-empty .elementor-widget-empty-icon{position:absolute;top:0;bottom:0;left:0;right:0;margin:auto;padding:0;width:22px;height:22px}<\/style>\t\t<div class=\"elementor-spacer\">\n\t\t\t<div class=\"elementor-spacer-inner\"><\/div>\n\t\t<\/div>\n\t\t\t\t<\/div>\n\t\t\t\t<\/div>\n\t\t\t\t<div class=\"elementor-element elementor-element-f8b0eb8 elementor-widget elementor-widget-image\" data-id=\"f8b0eb8\" data-element_type=\"widget\" data-widget_type=\"image.default\">\n\t\t\t\t<div class=\"elementor-widget-container\">\n\t\t\t<style>\/*! elementor - v3.19.0 - 28-02-2024 *\/\n.elementor-widget-image{text-align:center}.elementor-widget-image a{display:inline-block}.elementor-widget-image a img[src$=\".svg\"]{width:48px}.elementor-widget-image img{vertical-align:middle;display:inline-block}<\/style>\t\t\t\t\t\t\t\t\t\t<img fetchpriority=\"high\" decoding=\"async\" width=\"600\" height=\"450\" src=\"https:\/\/centrodeestudiosdyp.edu.co\/wp\/wp-content\/uploads\/2025\/09\/TEATRO-600x450.jpeg\" class=\"elementor-animation-grow attachment-product-page-image size-product-page-image wp-image-1733\" alt=\"\" srcset=\"https:\/\/centrodeestudiosdyp.edu.co\/wp\/wp-content\/uploads\/2025\/09\/TEATRO-600x450.jpeg 600w, https:\/\/centrodeestudiosdyp.edu.co\/wp\/wp-content\/uploads\/2025\/09\/TEATRO-300x225.jpeg 300w, https:\/\/centrodeestudiosdyp.edu.co\/wp\/wp-content\/uploads\/2025\/09\/TEATRO-1024x768.jpeg 1024w, https:\/\/centrodeestudiosdyp.edu.co\/wp\/wp-content\/uploads\/2025\/09\/TEATRO-768x576.jpeg 768w, https:\/\/centrodeestudiosdyp.edu.co\/wp\/wp-content\/uploads\/2025\/09\/TEATRO-213x160.jpeg 213w, https:\/\/centrodeestudiosdyp.edu.co\/wp\/wp-content\/uploads\/2025\/09\/TEATRO.jpeg 1280w\" sizes=\"(max-width: 600px) 100vw, 600px\" \/>\t\t\t\t\t\t\t\t\t\t\t\t\t<\/div>\n\t\t\t\t<\/div>\n\t\t\t\t\t<\/div>\n\t\t\t\t<\/div>\n\t\t<div class=\"elementor-element elementor-element-1e642db e-flex e-con-boxed e-con e-parent\" data-id=\"1e642db\" data-element_type=\"container\" data-settings=\"{&quot;content_width&quot;:&quot;boxed&quot;}\" data-core-v316-plus=\"true\">\n\t\t\t\t\t<div class=\"e-con-inner\">\n\t\t\t\t<div class=\"elementor-element elementor-element-6143b2f elementor-widget elementor-widget-text-editor\" data-id=\"6143b2f\" data-element_type=\"widget\" data-widget_type=\"text-editor.default\">\n\t\t\t\t<div class=\"elementor-widget-container\">\n\t\t\t<style>\/*! elementor - v3.19.0 - 28-02-2024 *\/\n.elementor-widget-text-editor.elementor-drop-cap-view-stacked .elementor-drop-cap{background-color:#69727d;color:#fff}.elementor-widget-text-editor.elementor-drop-cap-view-framed .elementor-drop-cap{color:#69727d;border:3px solid;background-color:transparent}.elementor-widget-text-editor:not(.elementor-drop-cap-view-default) .elementor-drop-cap{margin-top:8px}.elementor-widget-text-editor:not(.elementor-drop-cap-view-default) .elementor-drop-cap-letter{width:1em;height:1em}.elementor-widget-text-editor .elementor-drop-cap{float:left;text-align:center;line-height:1;font-size:50px}.elementor-widget-text-editor .elementor-drop-cap-letter{display:inline-block}<\/style>\t\t\t\t<div style=\"-webkit-user-drag: none; -webkit-tap-highlight-color: transparent; margin: 0px; padding: 0px; user-select: text; clear: both; cursor: text; overflow: visible; position: relative; direction: ltr; color: #000000; font-family: 'Segoe UI', 'Segoe UI Web', Arial, Verdana, sans-serif; font-size: 12px;\"><p lang=\"ES-ES\" xml:lang=\"ES-ES\">\u00a0<\/p><p lang=\"ES-ES\" style=\"-webkit-user-drag: none; -webkit-tap-highlight-color: transparent; margin-right: -2px; margin-left: -2px; padding: 0px; user-select: text; white-space-collapse: preserve; vertical-align: baseline; font-kerning: none; background-color: transparent; color: windowtext; text-align: center;\" xml:lang=\"ES-ES\"><span lang=\"ES-ES\" style=\"-webkit-user-drag: none; -webkit-tap-highlight-color: transparent; margin: 0px; padding: 0px; user-select: text; font-variant-numeric: normal; font-variant-east-asian: normal; font-variant-alternates: normal; font-variant-position: normal; color: #7030a0; font-size: 24pt; line-height: 42.0875px; font-family: Calibri, Calibri_EmbeddedFont, Calibri_MSFontService, sans-serif; font-weight: bold;\" xml:lang=\"ES-ES\" data-contrast=\"none\"><span data-olk-copy-source=\"MessageBody\">Curso de teatro \u00abEl arte de la confianza\u00bb<\/span><\/span><span style=\"-webkit-user-drag: none; -webkit-tap-highlight-color: transparent; margin: 0px; padding: 0px; user-select: text; font-size: 24pt; line-height: 42.0875px; font-family: Calibri, Calibri_EmbeddedFont, Calibri_MSFontService, sans-serif; color: #7030a0;\" data-ccp-props=\"{&quot;134233117&quot;:false,&quot;134233118&quot;:false,&quot;201341983&quot;:0,&quot;335551550&quot;:1,&quot;335551620&quot;:1,&quot;335559685&quot;:-20,&quot;335559737&quot;:-20,&quot;335559738&quot;:0,&quot;335559739&quot;:0,&quot;335559740&quot;:259}\">\u00a0<\/span><\/p><\/div><div style=\"-webkit-user-drag: none; -webkit-tap-highlight-color: transparent; margin: 0px; padding: 0px; user-select: text; clear: both; cursor: text; overflow: visible; position: relative; direction: ltr; color: #000000; font-family: 'Segoe UI', 'Segoe UI Web', Arial, Verdana, sans-serif; font-size: 12px;\"><p lang=\"ES-ES\" style=\"-webkit-user-drag: none; -webkit-tap-highlight-color: transparent; margin-right: -2px; margin-left: -2px; padding: 0px; user-select: text; white-space-collapse: preserve; vertical-align: baseline; font-kerning: none; background-color: transparent; color: windowtext;\" xml:lang=\"ES-ES\"><span style=\"-webkit-user-drag: none; -webkit-tap-highlight-color: transparent; margin: 0px; padding: 0px; user-select: text; font-size: 11pt; line-height: 19.425px; font-family: Calibri, Calibri_EmbeddedFont, Calibri_MSFontService, sans-serif; color: #ff0000;\" data-ccp-props=\"{&quot;134233117&quot;:false,&quot;134233118&quot;:false,&quot;201341983&quot;:0,&quot;335551550&quot;:1,&quot;335551620&quot;:1,&quot;335559685&quot;:-20,&quot;335559737&quot;:-20,&quot;335559738&quot;:0,&quot;335559739&quot;:0,&quot;335559740&quot;:259}\">\u00a0<\/span><\/p><\/div><div style=\"-webkit-user-drag: none; -webkit-tap-highlight-color: transparent; margin: 0px; padding: 0px; user-select: text; clear: both; cursor: text; overflow: visible; position: relative; direction: ltr; color: #000000; font-family: 'Segoe UI', 'Segoe UI Web', Arial, Verdana, sans-serif; font-size: 12px;\"><p lang=\"ES-ES\" style=\"-webkit-user-drag: none; -webkit-tap-highlight-color: transparent; margin-bottom: 10.6667px; padding: 0px; user-select: text; white-space-collapse: preserve; vertical-align: baseline; font-kerning: none; background-color: transparent; color: windowtext;\" xml:lang=\"ES-ES\"><span lang=\"ES-ES\" style=\"-webkit-user-drag: none; -webkit-tap-highlight-color: transparent; margin: 0px; padding: 0px; user-select: text; font-variant-numeric: normal; font-variant-east-asian: normal; font-variant-alternates: normal; font-variant-position: normal; color: windowtext; font-size: 13pt; line-height: 19.425px; font-family: Calibri, Calibri_EmbeddedFont, Calibri_MSFontService, sans-serif;\" xml:lang=\"ES-ES\" data-contrast=\"auto\"><span style=\"-webkit-user-drag: none; -webkit-tap-highlight-color: transparent; margin: 0px; padding: 0px; user-select: text;\"><span data-olk-copy-source=\"MessageBody\">Este curso usa herramientas de coaching y teatro para que fortalezcas tu confianza de forma pr\u00e1ctica. Aprender\u00e1s a gestionar miedos y a tomar decisiones m\u00e1s seguras en tu vida diaria a trav\u00e9s del cuerpo, la voz y la emoci\u00f3n.<\/span><\/span><\/span><\/p><\/div><div style=\"-webkit-user-drag: none; -webkit-tap-highlight-color: transparent; margin: 0px; padding: 0px; user-select: text; clear: both; cursor: text; overflow: visible; position: relative; direction: ltr; color: #000000; font-family: 'Segoe UI', 'Segoe UI Web', Arial, Verdana, sans-serif; font-size: 12px;\">\u00a0<\/div>\t\t\t\t\t\t<\/div>\n\t\t\t\t<\/div>\n\t\t\t\t<div class=\"elementor-element elementor-element-3d6913c elementor-widget elementor-widget-spacer\" data-id=\"3d6913c\" data-element_type=\"widget\" data-widget_type=\"spacer.default\">\n\t\t\t\t<div class=\"elementor-widget-container\">\n\t\t\t\t\t<div class=\"elementor-spacer\">\n\t\t\t<div class=\"elementor-spacer-inner\"><\/div>\n\t\t<\/div>\n\t\t\t\t<\/div>\n\t\t\t\t<\/div>\n\t\t\t\t<div class=\"elementor-element elementor-element-cc99f79 elementor-widget elementor-widget-text-editor\" data-id=\"cc99f79\" data-element_type=\"widget\" data-widget_type=\"text-editor.default\">\n\t\t\t\t<div class=\"elementor-widget-container\">\n\t\t\t\t\t\t\t<div class=\"OutlineElement Ltr SCXW264811710 BCX0\" style=\"margin: 0px; padding: 0px; user-select: text; -webkit-user-drag: none; -webkit-tap-highlight-color: transparent; overflow: visible; cursor: text; clear: both; position: relative; direction: ltr; color: #000000; font-family: 'Segoe UI', 'Segoe UI Web', Arial, Verdana, sans-serif; font-size: 12px;\"><p class=\"Paragraph SCXW264811710 BCX0\" lang=\"ES-ES\" style=\"margin-right: -2px; margin-left: -2px; padding: 0px; user-select: text; -webkit-user-drag: none; -webkit-tap-highlight-color: transparent; white-space-collapse: preserve; vertical-align: baseline; font-kerning: none; background-color: transparent; color: windowtext; text-align: center;\" xml:lang=\"ES-ES\"><span class=\"TextRun SCXW264811710 BCX0\" lang=\"ES-ES\" style=\"margin: 0px; padding: 0px; user-select: text; -webkit-user-drag: none; -webkit-tap-highlight-color: transparent; font-variant-numeric: normal; font-variant-east-asian: normal; font-variant-alternates: normal; font-variant-position: normal; color: windowtext; font-size: 11pt; line-height: 19.425px; font-family: Calibri, Calibri_EmbeddedFont, Calibri_MSFontService, sans-serif; font-weight: bold;\" xml:lang=\"ES-ES\" data-contrast=\"auto\">\u00bfTe quieres inscribir?<\/span><span class=\"EOP SCXW264811710 BCX0\" style=\"margin: 0px; padding: 0px; user-select: text; -webkit-user-drag: none; -webkit-tap-highlight-color: transparent; font-size: 11pt; line-height: 19.425px; font-family: Calibri, Calibri_EmbeddedFont, Calibri_MSFontService, sans-serif; color: windowtext;\" data-ccp-props=\"{&quot;134233117&quot;:false,&quot;134233118&quot;:false,&quot;335551550&quot;:2,&quot;335551620&quot;:2,&quot;335559685&quot;:-20,&quot;335559737&quot;:-20,&quot;335559738&quot;:0,&quot;335559739&quot;:0}\">\u00a0<\/span><\/p><\/div><div class=\"OutlineElement Ltr SCXW264811710 BCX0\" style=\"margin: 0px; padding: 0px; user-select: text; -webkit-user-drag: none; -webkit-tap-highlight-color: transparent; overflow: visible; cursor: text; clear: both; position: relative; direction: ltr; color: #000000; font-family: 'Segoe UI', 'Segoe UI Web', Arial, Verdana, sans-serif; font-size: 12px;\"><p class=\"Paragraph SCXW264811710 BCX0\" lang=\"ES-ES\" style=\"margin-right: -2px; margin-left: -2px; padding: 0px; user-select: text; -webkit-user-drag: none; -webkit-tap-highlight-color: transparent; white-space-collapse: preserve; vertical-align: baseline; font-kerning: none; background-color: transparent; color: windowtext; text-align: center;\" xml:lang=\"ES-ES\"><span class=\"EOP SCXW264811710 BCX0\" style=\"margin: 0px; padding: 0px; user-select: text; -webkit-user-drag: none; -webkit-tap-highlight-color: transparent; font-size: 11pt; line-height: 19.425px; font-family: Calibri, Calibri_EmbeddedFont, Calibri_MSFontService, sans-serif; color: windowtext;\" data-ccp-props=\"{&quot;134233117&quot;:false,&quot;134233118&quot;:false,&quot;335551550&quot;:2,&quot;335551620&quot;:2,&quot;335559685&quot;:-20,&quot;335559737&quot;:-20,&quot;335559738&quot;:0,&quot;335559739&quot;:0}\">\u00a0<\/span><\/p><\/div><div class=\"OutlineElement Ltr SCXW264811710 BCX0\" style=\"margin: 0px; padding: 0px; user-select: text; -webkit-user-drag: none; -webkit-tap-highlight-color: transparent; overflow: visible; cursor: text; clear: both; position: relative; direction: ltr; color: #000000; font-family: 'Segoe UI', 'Segoe UI Web', Arial, Verdana, sans-serif; font-size: 12px;\"><p class=\"Paragraph SCXW264811710 BCX0\" lang=\"ES-ES\" style=\"margin-right: -2px; margin-bottom: 10.6667px; margin-left: -2px; padding: 0px; user-select: text; -webkit-user-drag: none; -webkit-tap-highlight-color: transparent; white-space-collapse: preserve; vertical-align: baseline; font-kerning: none; background-color: transparent; color: windowtext; text-align: center;\" xml:lang=\"ES-ES\"><span class=\"TextRun SCXW264811710 BCX0\" lang=\"ES-ES\" style=\"margin: 0px; padding: 0px; user-select: text; -webkit-user-drag: none; -webkit-tap-highlight-color: transparent; font-variant-numeric: normal; font-variant-east-asian: normal; font-variant-alternates: normal; font-variant-position: normal; color: windowtext; font-size: 11pt; line-height: 19.425px; font-family: Calibri, Calibri_EmbeddedFont, Calibri_MSFontService, sans-serif;\" xml:lang=\"ES-ES\" data-contrast=\"auto\"><span class=\"NormalTextRun SCXW264811710 BCX0\" style=\"margin: 0px; padding: 0px; user-select: text; -webkit-user-drag: none; -webkit-tap-highlight-color: transparent;\">Recibimos tu pago a trav\u00e9s de plataforma digital PSE o a <\/span><span class=\"NormalTextRun SCXW264811710 BCX0\" style=\"margin: 0px; padding: 0px; user-select: text; -webkit-user-drag: none; -webkit-tap-highlight-color: transparent;\">trav\u00e9s<\/span><span class=\"NormalTextRun SCXW264811710 BCX0\" style=\"margin: 0px; padding: 0px; user-select: text; -webkit-user-drag: none; -webkit-tap-highlight-color: transparent;\"> de tarjeta d\u00e9bito o cr\u00e9dito<\/span><span class=\"NormalTextRun SCXW264811710 BCX0\" style=\"margin: 0px; padding: 0px; user-select: text; -webkit-user-drag: none; -webkit-tap-highlight-color: transparent;\"> y efectivo<\/span><span class=\"NormalTextRun SCXW264811710 BCX0\" style=\"margin: 0px; padding: 0px; user-select: text; -webkit-user-drag: none; -webkit-tap-highlight-color: transparent;\"> en nuestra sede<\/span><span class=\"NormalTextRun SCXW264811710 BCX0\" style=\"margin: 0px; padding: 0px; user-select: text; -webkit-user-drag: none; -webkit-tap-highlight-color: transparent;\">: c<\/span><span class=\"NormalTextRun SCXW264811710 BCX0\" style=\"margin: 0px; padding: 0px; user-select: text; -webkit-user-drag: none; -webkit-tap-highlight-color: transparent;\">alle 74<\/span><span class=\"NormalTextRun SCXW264811710 BCX0\" style=\"margin: 0px; padding: 0px; user-select: text; -webkit-user-drag: none; -webkit-tap-highlight-color: transparent;\">a<\/span><span class=\"NormalTextRun SCXW264811710 BCX0\" style=\"margin: 0px; padding: 0px; user-select: text; -webkit-user-drag: none; -webkit-tap-highlight-color: transparent;\"> #22-86, San Felipe<\/span><span class=\"NormalTextRun SCXW264811710 BCX0\" style=\"margin: 0px; padding: 0px; user-select: text; -webkit-user-drag: none; -webkit-tap-highlight-color: transparent;\">.<\/span><\/span><span class=\"EOP SCXW264811710 BCX0\" style=\"margin: 0px; padding: 0px; user-select: text; -webkit-user-drag: none; -webkit-tap-highlight-color: transparent; font-size: 11pt; line-height: 19.425px; font-family: Calibri, Calibri_EmbeddedFont, Calibri_MSFontService, sans-serif; color: windowtext;\" data-ccp-props=\"{&quot;335551550&quot;:2,&quot;335551620&quot;:2,&quot;335559685&quot;:-20,&quot;335559737&quot;:-20}\">\u00a0<\/span><\/p><\/div><div class=\"OutlineElement Ltr SCXW264811710 BCX0\" style=\"margin: 0px; padding: 0px; user-select: text; -webkit-user-drag: none; -webkit-tap-highlight-color: transparent; overflow: visible; cursor: text; clear: both; position: relative; direction: ltr; color: #000000; font-family: 'Segoe UI', 'Segoe UI Web', Arial, Verdana, sans-serif; font-size: 12px;\"><p class=\"Paragraph SCXW264811710 BCX0\" lang=\"ES-ES\" style=\"margin-right: -2px; margin-bottom: 10.6667px; margin-left: -2px; padding: 0px; user-select: text; -webkit-user-drag: none; -webkit-tap-highlight-color: transparent; white-space-collapse: preserve; vertical-align: baseline; font-kerning: none; background-color: transparent; color: windowtext; text-align: center;\" xml:lang=\"ES-ES\"><span class=\"TextRun SCXW264811710 BCX0\" lang=\"ES-ES\" style=\"margin: 0px; padding: 0px; user-select: text; -webkit-user-drag: none; -webkit-tap-highlight-color: transparent; font-variant-numeric: normal; font-variant-east-asian: normal; font-variant-alternates: normal; font-variant-position: normal; color: windowtext; font-size: 11pt; line-height: 19.425px; font-family: Calibri, Calibri_EmbeddedFont, Calibri_MSFontService, sans-serif;\" xml:lang=\"ES-ES\" data-contrast=\"auto\"><span class=\"NormalTextRun SCXW264811710 BCX0\" style=\"margin: 0px; padding: 0px; user-select: text; -webkit-user-drag: none; -webkit-tap-highlight-color: transparent;\">Quedamos a <\/span><span class=\"NormalTextRun SCXW264811710 BCX0\" style=\"margin: 0px; padding: 0px; user-select: text; -webkit-user-drag: none; -webkit-tap-highlight-color: transparent;\">t<\/span><span class=\"NormalTextRun SCXW264811710 BCX0\" style=\"margin: 0px; padding: 0px; user-select: text; -webkit-user-drag: none; -webkit-tap-highlight-color: transparent;\">u disposici\u00f3n para cualquier consulta adicional que pueda surgir. Esperamos contar con <\/span><span class=\"NormalTextRun SCXW264811710 BCX0\" style=\"margin: 0px; padding: 0px; user-select: text; -webkit-user-drag: none; -webkit-tap-highlight-color: transparent;\">tu<\/span><span class=\"NormalTextRun SCXW264811710 BCX0\" style=\"margin: 0px; padding: 0px; user-select: text; -webkit-user-drag: none; -webkit-tap-highlight-color: transparent;\"> participaci\u00f3n en nuestro programa y acompa\u00f1ar<\/span><span class=\"NormalTextRun SCXW264811710 BCX0\" style=\"margin: 0px; padding: 0px; user-select: text; -webkit-user-drag: none; -webkit-tap-highlight-color: transparent;\">te<\/span><span class=\"NormalTextRun SCXW264811710 BCX0\" style=\"margin: 0px; padding: 0px; user-select: text; -webkit-user-drag: none; -webkit-tap-highlight-color: transparent;\"> en su proceso de aprendizaje.<\/span><\/span><span class=\"EOP SCXW264811710 BCX0\" style=\"margin: 0px; padding: 0px; user-select: text; -webkit-user-drag: none; -webkit-tap-highlight-color: transparent; font-size: 11pt; line-height: 19.425px; font-family: Calibri, Calibri_EmbeddedFont, Calibri_MSFontService, sans-serif; color: windowtext;\" data-ccp-props=\"{&quot;335551550&quot;:2,&quot;335551620&quot;:2,&quot;335559685&quot;:-20,&quot;335559737&quot;:-20}\">\u00a0<\/span><\/p><\/div><div class=\"OutlineElement Ltr SCXW264811710 BCX0\" style=\"margin: 0px; padding: 0px; user-select: text; -webkit-user-drag: none; -webkit-tap-highlight-color: transparent; overflow: visible; cursor: text; clear: both; position: relative; direction: ltr; color: #000000; font-family: 'Segoe UI', 'Segoe UI Web', Arial, Verdana, sans-serif; font-size: 12px;\"><p class=\"Paragraph SCXW264811710 BCX0\" lang=\"ES-ES\" style=\"margin-right: -2px; margin-bottom: 10.6667px; margin-left: -2px; padding: 0px; user-select: text; -webkit-user-drag: none; -webkit-tap-highlight-color: transparent; white-space-collapse: preserve; vertical-align: baseline; font-kerning: none; background-color: transparent; color: windowtext; text-align: center;\" xml:lang=\"ES-ES\"><span class=\"TextRun SCXW264811710 BCX0\" lang=\"ES-ES\" style=\"margin: 0px; padding: 0px; user-select: text; -webkit-user-drag: none; -webkit-tap-highlight-color: transparent; font-variant-numeric: normal; font-variant-east-asian: normal; font-variant-alternates: normal; font-variant-position: normal; color: windowtext; font-size: 11pt; line-height: 19.425px; font-family: Calibri, Calibri_EmbeddedFont, Calibri_MSFontService, sans-serif;\" xml:lang=\"ES-ES\" data-contrast=\"auto\">Cont\u00e1ctanos al 314 298 97 62<\/span><span class=\"EOP SCXW264811710 BCX0\" style=\"margin: 0px; padding: 0px; user-select: text; -webkit-user-drag: none; -webkit-tap-highlight-color: transparent; font-size: 11pt; line-height: 19.425px; font-family: Calibri, Calibri_EmbeddedFont, Calibri_MSFontService, sans-serif; color: windowtext;\" data-ccp-props=\"{&quot;335551550&quot;:2,&quot;335551620&quot;:2,&quot;335559685&quot;:-20,&quot;335559737&quot;:-20}\">\u00a0<\/span><\/p><\/div>\t\t\t\t\t\t<\/div>\n\t\t\t\t<\/div>\n\t\t\t\t\t<\/div>\n\t\t\t\t<\/div>\n\t\t<div class=\"elementor-element elementor-element-67b5c60 e-flex e-con-boxed e-con e-parent\" data-id=\"67b5c60\" data-element_type=\"container\" data-settings=\"{&quot;content_width&quot;:&quot;boxed&quot;}\" data-core-v316-plus=\"true\">\n\t\t\t\t\t<div class=\"e-con-inner\">\n\t\t\t\t<div class=\"elementor-element elementor-element-8a8ef09 elementor-widget elementor-widget-image\" data-id=\"8a8ef09\" data-element_type=\"widget\" data-widget_type=\"image.default\">\n\t\t\t\t<div class=\"elementor-widget-container\">\n\t\t\t\t\t\t\t\t\t\t\t\t\t\t<a href=\"https:\/\/sag.efipay.co\/Checkout\/PaymentGateway\/019ce257-9a92-7142-8d16-15a63990f20f?signature=bd4c0ebb8d519becdc5122aa04df5f28660188339dbc596445452f592cf0ca9b\" target=\"_blank\">\n\t\t\t\t\t\t\t<img decoding=\"async\" width=\"393\" height=\"260\" src=\"https:\/\/centrodeestudiosdyp.edu.co\/wp\/wp-content\/uploads\/2024\/04\/BotonPago-11111.png\" class=\"elementor-animation-grow attachment-large size-large wp-image-1602\" alt=\"\" srcset=\"https:\/\/centrodeestudiosdyp.edu.co\/wp\/wp-content\/uploads\/2024\/04\/BotonPago-11111.png 393w, https:\/\/centrodeestudiosdyp.edu.co\/wp\/wp-content\/uploads\/2024\/04\/BotonPago-11111-300x198.png 300w, https:\/\/centrodeestudiosdyp.edu.co\/wp\/wp-content\/uploads\/2024\/04\/BotonPago-11111-242x160.png 242w\" sizes=\"(max-width: 393px) 100vw, 393px\" \/>\t\t\t\t\t\t\t\t<\/a>\n\t\t\t\t\t\t\t\t\t\t\t\t\t<\/div>\n\t\t\t\t<\/div>\n\t\t\t\t\t<\/div>\n\t\t\t\t<\/div>\n\t\t\t\t<\/div>\n\t\t","protected":false},"excerpt":{"rendered":"<p>\u00a0 Curso de teatro \u00abEl arte de la confianza\u00bb\u00a0 \u00a0 Este curso usa herramientas de coaching y teatro para que fortalezcas tu confianza de forma pr\u00e1ctica. Aprender\u00e1s a gestionar miedos y a tomar decisiones m\u00e1s seguras en tu vida diaria a trav\u00e9s del cuerpo, la voz y la emoci\u00f3n. \u00a0 \u00bfTe quieres inscribir?\u00a0 \u00a0 Recibimos [&hellip;]<\/p>\n","protected":false},"author":1,"featured_media":0,"parent":0,"menu_order":0,"comment_status":"closed","ping_status":"closed","template":"elementor_header_footer","meta":{"footnotes":""},"_links":{"self":[{"href":"https:\/\/centrodeestudiosdyp.edu.co\/wp\/index.php?rest_route=\/wp\/v2\/pages\/1728"}],"collection":[{"href":"https:\/\/centrodeestudiosdyp.edu.co\/wp\/index.php?rest_route=\/wp\/v2\/pages"}],"about":[{"href":"https:\/\/centrodeestudiosdyp.edu.co\/wp\/index.php?rest_route=\/wp\/v2\/types\/page"}],"author":[{"embeddable":true,"href":"https:\/\/centrodeestudiosdyp.edu.co\/wp\/index.php?rest_route=\/wp\/v2\/users\/1"}],"replies":[{"embeddable":true,"href":"https:\/\/centrodeestudiosdyp.edu.co\/wp\/index.php?rest_route=%2Fwp%2Fv2%2Fcomments&post=1728"}],"version-history":[{"count":16,"href":"https:\/\/centrodeestudiosdyp.edu.co\/wp\/index.php?rest_route=\/wp\/v2\/pages\/1728\/revisions"}],"predecessor-version":[{"id":1786,"href":"https:\/\/centrodeestudiosdyp.edu.co\/wp\/index.php?rest_route=\/wp\/v2\/pages\/1728\/revisions\/1786"}],"wp:attachment":[{"href":"https:\/\/centrodeestudiosdyp.edu.co\/wp\/index.php?rest_route=%2Fwp%2Fv2%2Fmedia&parent=1728"}],"curies":[{"name":"wp","href":"https:\/\/api.w.org\/{rel}","templated":true}]}}